
{"id":32560,"date":"2025-10-03T14:53:21","date_gmt":"2025-10-03T17:53:21","guid":{"rendered":"http:\/\/visaodealagoas.com.br\/home\/?page_id=32560"},"modified":"2025-10-03T16:04:12","modified_gmt":"2025-10-03T19:04:12","slug":"blog-visao-de-educacao","status":"publish","type":"page","link":"https:\/\/visaodealagoas.com.br\/inicio\/blog-visao-de-educacao\/","title":{"rendered":"Blog Vis\u00e3o de Educa\u00e7\u00e3o"},"content":{"rendered":"\r\n\r\n<figure class=\"wp-block-image\"><img decoding=\"async\" src=\"http:\/\/visaodealagoas.com.br\/home\/wp-content\/uploads\/2025\/10\/blog_cicero_capa.png\" alt=\"\"\/><\/figure>\r\n\r\n\r\n\r\n<p><\/p>\r\n","protected":false},"excerpt":{"rendered":"","protected":false},"author":1,"featured_media":0,"parent":0,"menu_order":0,"comment_status":"closed","ping_status":"closed","template":"page_simple_composer.php","meta":{"footnotes":""},"class_list":["post-32560","page","type-page","status-publish","hentry"],"_links":{"self":[{"href":"https:\/\/visaodealagoas.com.br\/inicio\/wp-json\/wp\/v2\/pages\/32560","targetHints":{"allow":["GET"]}}],"collection":[{"href":"https:\/\/visaodealagoas.com.br\/inicio\/wp-json\/wp\/v2\/pages"}],"about":[{"href":"https:\/\/visaodealagoas.com.br\/inicio\/wp-json\/wp\/v2\/types\/page"}],"author":[{"embeddable":true,"href":"https:\/\/visaodealagoas.com.br\/inicio\/wp-json\/wp\/v2\/users\/1"}],"replies":[{"embeddable":true,"href":"https:\/\/visaodealagoas.com.br\/inicio\/wp-json\/wp\/v2\/comments?post=32560"}],"version-history":[{"count":0,"href":"https:\/\/visaodealagoas.com.br\/inicio\/wp-json\/wp\/v2\/pages\/32560\/revisions"}],"wp:attachment":[{"href":"https:\/\/visaodealagoas.com.br\/inicio\/wp-json\/wp\/v2\/media?parent=32560"}],"curies":[{"name":"wp","href":"https:\/\/api.w.org\/{rel}","templated":true}]}}